{"id":457,"date":"2008-10-06T11:31:51","date_gmt":"2008-10-06T09:31:51","guid":{"rendered":"http:\/\/www.puls200.de\/?page_id=457"},"modified":"2015-05-23T09:26:40","modified_gmt":"2015-05-23T08:26:40","slug":"geocaching","status":"publish","type":"page","link":"https:\/\/www.puls200.de\/?page_id=457","title":{"rendered":"Geocaching"},"content":{"rendered":"<p><a href=\"http:\/\/www.geocaching.com\/profile\/?guid=7fb8c2cb-799c-4eea-b6aa-d4d65e2d6fb9\" target=\"_blank\"><img decoding=\"async\" src=\"http:\/\/img.geocaching.com\/stats\/img.aspx?txt=Wer+sucht+der+findet&uid=7fb8c2cb-799c-4eea-b6aa-d4d65e2d6fb9&bg=1\" border=\"0\" title=\"Profile for Wolkenlos\" alt=\"Profile for Wolkenlos\"\/><\/a><\/p>\n<p><a href=\"http:\/\/geokrety.org\/mypage.php?userid=3848\"><img decoding=\"async\" src=\"http:\/\/geokrety.org\/statpics\/3848.png\" alt=\"my geokrets statistics\" title=\"geokrety.org\" \/><\/a> <\/p>\n<p>Cache Nummer <strong>100<\/strong>! (<a href=\"http:\/\/www.geocaching.com\/seek\/cache_details.aspx?guid=c5110ee3-cbda-446f-98ee-dd1c5b0a7775\">GCKTNK<\/a>) Das war hier:<\/p>\n<p><img decoding=\"async\" src=\"http:\/\/www.puls200.de\/data\/post\/Apr09\/nummer100.jpg\" \/><\/p>\n<h3>Unsere Bugs<\/h3>\n<p>\"<a href=\"http:\/\/www.geocaching.com\/track\/details.aspx?guid=780d2afa-a9eb-4e18-87f7-58e70a017c93\">Der reisende Mathis<\/a>\" - Tom's Anh\u00e4nger<\/p>\n<p>\"<a href=\"http:\/\/www.geocaching.com\/track\/details.aspx?id=1730997\">Prinzessin Lisi's Pferd<\/a>\" - Luise. Lange verloren geglaubt hat er nun als erster sein Ziel (einen \"Lummerland\"-Cache (GC1B0X2)) erreicht.<\/p>\n<p>Der \"<a href=\"http:\/\/www.geocaching.com\/track\/details.aspx?id=1732479\"> R\u00e4tselbug<\/a>\" - meiner.<\/p>\n<p>Au\u00dferdem 2 Coins:<\/p>\n<p><a href=\"http:\/\/www.geocaching.com\/track\/details.aspx?id=1847902\">Puls200 - I<\/a>, vermutlich verschollen. Ziel war das Meer, hat er auch fast geschafft.<br \/>\n<a href=\"http:\/\/www.geocaching.com\/track\/details.aspx?id=1848436\">Puls200 - II<\/a> - auf dem Weg nach Italien, im Augenblick in D\u00e4nemark unterwegs.<\/p>\n<h3>Eigene Caches<\/h3>\n<ul>\n<li>\"Die drei Wanderer\": <a href=\"http:\/\/www.geocaching.com\/seek\/cache_details.aspx?guid=b7d848fd-d83d-463f-887e-26b46282b963\">GC1XCXT<\/a><br \/>\nDas Ding ist erstmal eine Art Testballon. Ich habe nat\u00fcrlich gleich ein paar Kardinalfehler gemacht. Aber man lernt dazu :)\n<\/li>\n<li>\"Urban\": <a href=\"http:\/\/www.geocaching.com\/seek\/cache_details.aspx?guid=da7ad1df-7ef5-437c-81c8-67b581a0ce5e\">GC269HJ<\/a>. Ein primitiver Mikro oberhalb eines Wengert. Hier haben die Winterbacher eine nette Sitzgelegenheit installiert. Die Idee dazu kam mir beim Besuch von \"Dadada\".\n<\/li>\n<\/ul>\n<h2>Worum es geht<\/h2>\n<blockquote><p>\"..geht ihr am Wochenende wieder geo..coaching? .. ? geo..catching?? Jetzt wie hei\u00dft denn des??\"\n<\/p><\/blockquote>\n<p>Mein neues Hobby seit den Sommerferien 2008. Wie hei\u00dft es so sch\u00f6n: \"<em>the sport where you are the search engine<\/em>\". Auch bekannt unter \"<em><a href=\"http:\/\/search.live.com\/images\/results.aspx?q=geocaching&go=&form=QBLH&scope=images\">Such die Tupper<\/a><\/em>\". F\u00fcr mich ist dabei weniger die \u00dcberwindung der eigenen Tr\u00e4gheit das Ziel, sondern die M\u00f6glichkeit, die Kinder motiviert drau\u00dfen bewegen zu k\u00f6nnen. Die Aussicht einen \"Schatz\" zu heben hat in den letzten Monaten die Kinder so manchen Berg hinaufbewegt. Gut, es ist eine Art Karotte aber der Funke springt schon \u00fcber, speziell wenn sie selbst die Dosen finden.<br \/>\nVorteile:<\/p>\n<ul>\n<li>Aufwertung eines (Familien)Ausflugs zum zus\u00e4tzliche optionale Programmpunkte<\/li>\n<li>\u00dcberbr\u00fcckung von Wartezeiten<\/li>\n<li>Erreichen \/ Entdecken von Pl\u00e4tzen die man nicht f\u00fcr m\u00f6glich gehalten h\u00e4tte<\/li>\n<li>Gelegenheit, sich selbst komplett zum Affen zu machen (in Rabatten w\u00fchl, auf Verkehrsinseln rumklettern usw.)<\/li>\n<li>\"Wann sind wir endlich daaa?\" wird ersetzt durch \"Wo ist der denn jetzt??!!\"<\/li>\n<li><a href=\"http:\/\/en.wikipedia.org\/wiki\/Woman_acceptance_factor\">WAF<\/a> akzeptabel, mit nem Gadget spielen unter dem Vorwand, es habe einen Sinn :-)<\/li>\n<li>Last but not least: Man macht nie denselben Ausflug zweimal!<\/li>\n<\/ul>\n<p><a href='http:\/\/www.puls200.de\/wp-content\/blairwitch.jpg'><img decoding=\"async\" loading=\"lazy\" src=\"http:\/\/www.puls200.de\/wp-content\/blairwitch-300x200.jpg\" alt=\"Blairwitch Project?\" title=\"blairwitch\" width=\"300\" height=\"200\" class=\"alignleft size-medium wp-image-460\" srcset=\"https:\/\/www.puls200.de\/wp-content\/uploads\/blairwitch-300x200.jpg 300w, https:\/\/www.puls200.de\/wp-content\/uploads\/blairwitch-768x512.jpg 768w, https:\/\/www.puls200.de\/wp-content\/uploads\/blairwitch.jpg 1024w, https:\/\/www.puls200.de\/wp-content\/uploads\/blairwitch-450x300.jpg 450w\" sizes=\"(max-width: 300px) 100vw, 300px\" \/><\/a><br \/>\nBlairwitch Schorndorf? Uh-hu.. da m\u00fcssen wir runter.. ;-)<\/p>\n<p><a href='http:\/\/www.puls200.de\/wp-content\/mauer.jpg'><img decoding=\"async\" loading=\"lazy\" src=\"http:\/\/www.puls200.de\/wp-content\/mauer-300x200.jpg\" alt=\"Versteck\" title=\"mauer\" width=\"300\" height=\"200\" class=\"alignnone size-medium wp-image-461\" srcset=\"https:\/\/www.puls200.de\/wp-content\/uploads\/mauer-300x200.jpg 300w, https:\/\/www.puls200.de\/wp-content\/uploads\/mauer-768x512.jpg 768w, https:\/\/www.puls200.de\/wp-content\/uploads\/mauer.jpg 1024w, https:\/\/www.puls200.de\/wp-content\/uploads\/mauer-450x300.jpg 450w\" sizes=\"(max-width: 300px) 100vw, 300px\" \/><\/a><br \/>\nAlso die Dose mu\u00df hier irgendwo sein.. Eins der eher leichten Verstecke.<\/p>\n<p><a href='http:\/\/www.puls200.de\/wp-content\/durchweicht.jpg'><img decoding=\"async\" loading=\"lazy\" src=\"http:\/\/www.puls200.de\/wp-content\/durchweicht-300x200.jpg\" alt=\"\" title=\"durchweicht\" width=\"300\" height=\"200\" class=\"alignnone size-medium wp-image-463\" srcset=\"https:\/\/www.puls200.de\/wp-content\/uploads\/durchweicht-300x200.jpg 300w, https:\/\/www.puls200.de\/wp-content\/uploads\/durchweicht-768x512.jpg 768w, https:\/\/www.puls200.de\/wp-content\/uploads\/durchweicht.jpg 1024w, https:\/\/www.puls200.de\/wp-content\/uploads\/durchweicht-450x300.jpg 450w\" sizes=\"(max-width: 300px) 100vw, 300px\" \/><\/a><br \/>\nDas (ziemlich durchweichte) Logbuch eines Micro. Hier mu\u00df ein Beweisbild her, da der Stift nicht schreibt :)<\/p>\n<p><a href='http:\/\/www.puls200.de\/wp-content\/lebensgefahr.jpg'><img decoding=\"async\" loading=\"lazy\" src=\"http:\/\/www.puls200.de\/wp-content\/lebensgefahr-300x200.jpg\" alt=\"\" title=\"lebensgefahr\" width=\"300\" height=\"200\" class=\"alignnone size-medium wp-image-464\" srcset=\"https:\/\/www.puls200.de\/wp-content\/uploads\/lebensgefahr-300x200.jpg 300w, https:\/\/www.puls200.de\/wp-content\/uploads\/lebensgefahr-768x512.jpg 768w, https:\/\/www.puls200.de\/wp-content\/uploads\/lebensgefahr.jpg 1024w, https:\/\/www.puls200.de\/wp-content\/uploads\/lebensgefahr-450x300.jpg 450w\" sizes=\"(max-width: 300px) 100vw, 300px\" \/><\/a><br \/>\nHier mu\u00df die Cachesuche leider abgebrochen werden. :-)<\/p>\n<h2>Ausdr\u00fccke (l33t speak ;-)<\/h2>\n<p>Inzwischen kommen ja alle Erfindungen, Trends,... und Indernett, ja glor! aus Amerika und somit ist es auch hier so (der Titel l\u00e4\u00dft's ja bereits erahnen), da\u00df man es nur mit entsprechenden Ausdr\u00fccken zu tun hat. Alle nat\u00fcrlich abgek\u00fcrzt, lol. LOL.<\/p>\n<ul>\n<li><strong>Tradi<\/strong>tional: Einfacher Cache, der nur \u00fcber die Zielkoordinaten gefunden wird. Tjaja, so einfach ist es dann manchmal doch nicht..<\/li>\n<li><strong>Multi<\/strong>: im Gegensatz zum Tradi schon schwieriger, hier bekommt man nur die Anfangskoordinaten und mu\u00df sich das Ziel durch das L\u00f6sen einiger R\u00e4tsel selbst bestimmen.<\/li>\n<li><strong>Mystery<\/strong>: Hier mu\u00df man erstmal ein R\u00e4tsel l\u00f6sen, um den Anfangspunkt zu bekommen..<\/li>\n<li><b>TB<\/b>: Travel-Bug. Das ist ein mit einer Seriennummer markierter Gegenstand, der \u00fcber die Webseite global verfolgt werden kann. Da die Webseite die Nummern ausgibt, kostet das nat\u00fcrlich was, man kann also nicht jeden X-beliebigen Gegenstand tracken. Jeder TB hat in der Regel eine \"Mission\".<\/li>\n<li><strong>TC<\/strong>: Travel-Coin, analog zum TB ist es hier eine M\u00fcnze mit eingepr\u00e4gter Seriennummer. Kostenpunkt ab 4\u20ac.<\/li>\n<li><b>DNF<\/b>: \"did not find\". Der Alptraum jedes Cachers. Millionen von Kilometern angereist, alle R\u00e4tsel gel\u00f6st aber am Ende die $%&$\u00a7\u00a7**$ - Dose nicht gefunden! Aaaargh.<\/li>\n<li><b>Stage<\/b>: Zwischenschritt bei einem \"Multi\"<\/li>\n<li><strong>Final<\/strong>: Letzte Stage eines Multi<\/li>\n<li><strong>Muggel<\/strong>: In Analogie zu Rowling's \"nicht-magischen\" Figuren sind das alle Unbeteiligten, die nichts von Geocaching wissen. Unterarten: Spaziermuggel, Radfahrmuggel, Autowaschmuggel, St\u00fccklesmuggel.. :-)<\/li>\n<li><strong>logging<\/strong>: oder \"geloggt\": Vermerk des Besuchs im Logbuch des Cache.<\/li>\n<li><strong>No trade<\/strong>: Beim Finden der Dose wurde nur geloggt, aber keine Gegenst\u00e4nde getauscht<\/li>\n<\/ul>\n<h2>Ausr\u00fcstung<\/h2>\n<p>Dar\u00fcber liest man viel im Netz und ich habe auch noch nicht die umfassende Erfahrung, vor allem was das sogenannte \"Nacht-Cachen\" angeht. Da soll es ja mit Taschenlampen und Reflektoren lustig zur Sache gehen. Hier meine Tips:<\/p>\n<ul>\n<li><strong>GPS<\/strong>. Ohne so ein Ger\u00e4t l\u00e4uft nat\u00fcrlich nichts, wenn es auch viele Caches gibt, die man locker ohne findet, oder bei denen ein beherzter Blick auf die Google Maps Karte reicht. Beispiel sind z.B. Caches auf Verkehrsinseln. Bei diesen Dingern halte ich f\u00fcr wichtig:\n<ol>\n<li>Eine Kompa\u00dffunktion f\u00fcr die Suche im Nahbereich<\/li>\n<li>eine Kartendarstellung f\u00fcr die \"Fernann\u00e4herung\", z.B. da\u00df man in einem Dorf erstmal die richtige Stra\u00dfe langl\u00e4uft.<\/li>\n<li>Einfache manuelle Eingabe von Koordinaten. Das kommt \u00f6fter vor als man denkt.<\/li>\n<li>Stages werden als Wegpunkte einer Route erkannt. Beim Erreichen einer Stage schaltet er um auf den n\u00e4chsten Wegpunkt. Das ist etwas was die aktuelle Firmware meines Ger\u00e4ts nicht richtig kann und es sorgt immer wieder f\u00fcr *grrrrmmgrrr!!* :-)<\/li>\n<\/ol>\n<p>Es gibt GPS mit und ohne Kartendarstellung. Wenn man eins ohne hat empfiehlt sich immer das Mitf\u00fchren von Papierkarten, damit man sich eine Wanderroute zurechtlegen kann. Warum ist das notwendig? Der Geocacher besucht selten zweimal dieselbe Stelle. Der Trick an dieser Besch\u00e4ftigung ist unter anderem der, jedesmal woanders zu sein und da kommt es durchaus \u00f6fter vor da\u00df man nicht mehr so hundertprozentig ortskundig ist.<br \/>\nOk, wir haben also ein GPS mit Kartendarstellung. I.d.R. sind das vektorisierte topographische Karten z.B. wie die Topo Deutschland von Garmin. Die sind im Prinzip sehr brauchbar, alle wesentlichen Sachen erkennbar, H\u00f6henlinien, alles bueno. Ein gravierender Nachteil ist leider vorhanden, und das betrifft die kleinste Weggr\u00f6\u00dfe, die auf dem GPS als gestrichelte Linie angezeigt wird. Hier ist es reine Gl\u00fccksache, ob das eine asphaltierte Fahrzeugbreite, ein Waldschotterweg, ein Trampelpfad oder \u00fcberhaupt nix ist, weil schon zugewachsen. Es ist klar da\u00df solche Informationen nicht immer aktualisiert werden k\u00f6nnen aber man sollte davon nicht zuviel erwarten.<br \/>\n<img decoding=\"async\" src=\"http:\/\/www.puls200.de\/data\/post\/Jan09\/d1.jpg\" \/><br \/>\nGestrichelter Weg im Wald. Doch wirklich, hier ist ein Weg.<br \/>\n<img decoding=\"async\" src=\"http:\/\/www.puls200.de\/data\/post\/Jan09\/d2.jpg\" \/><br \/>\nUnd hier f\u00fchrt er weiter, der Weg. Doch, tut er. Weiter hinten wird's selbst den Wildschweinen zu eng..\n\t<\/li>\n<li>Was zu schreiben, viele Boxen sind zu klein f\u00fcr Stifte.<\/li>\n<li>Tauschgegenst\u00e4nde wenn man m\u00f6chte. Bitte beachten, da\u00df immer \"nach oben\" getauscht wird.<\/li>\n<li>Kamera (manche Caches verlangen ein Beweisfoto, au\u00dferdem ist es sowieso lustig das Gew\u00fchl im Unterholz zu dokumentieren..)<\/li>\n<li>PC :-) Hinterher die Funde nat\u00fcrlich dokumentieren bzw. registrieren<\/li>\n<li>Gummistiefel (f\u00fcr die sog. \"U\" (<em>nterirdischen<\/em>) Caches oft notwendig)<\/li>\n<li>Taschenlampe. Relativ wichtig, wenn man in einem dunklen Loch was kleines sucht oder das ganze Versteck unbeleuchtet ist. Ich habe mir zu dem Zweck eine <a href=\"http:\/\/www.fenixlight.com\/newping.asp\">Fenix<\/a> geleistet..<\/li>\n<\/ul>\n<h2>Links<\/h2>\n<ul>\n<li><a href=\"http:\/\/www.geocaching.com\/\">Geocaching.com<\/a>: Das Microsoft im Geocaching, das Monopol, die Antwort auf alle Fragen, usw..<\/li>\n<li><a href=\"http:\/\/www.geocaching.de\">Geocaching.de<\/a>: Deutschsprachiges Geocaching Portal<\/li>\n<li><a href=\"http:\/\/www.opencaching.de\">Opencaching.de<\/a>: die \"freie\" Antwort auf Geocaching.com.<\/li>\n<li><a href=\"http:\/\/wwww.geoclub.de\/\">Geocacher Forum<\/a>: hier werden sie geholfen! Na, oder geflamt, je nach Tagesform.<\/li>\n<li><a href=\"http:\/\/rems-murr-geocaching.de\/\">Rems-Murr-Geocaching<\/a> - Weblog \u00fcber das Geocaching im Kreis. Sehr nett, viele der besprochenen Caches haben wir auch schon gemacht.<\/li>\n<li>Mysteries als Sudoku's <a href=\"http:\/\/www.puls200.de\/?page_id=525\">m\u00fcssen nicht sein<\/a>.<\/li>\n<li>Die <a href=\"http:\/\/www.spiegel.de\/reise\/deutschland\/0,1518,644695,00.html\">Schattenseite<\/a> des Cachens.<\/li>\n<\/ul>\n","protected":false},"excerpt":{"rendered":"<p>Cache Nummer 100! (GCKTNK) Das war hier: Unsere Bugs &#8220;Der reisende Mathis&#8221; &#8211; Tom&#8217;s Anh\u00e4nger &#8220;Prinzessin Lisi&#8217;s Pferd&#8221; &#8211; Luise. Lange verloren geglaubt hat er nun als erster sein Ziel (einen &#8220;Lummerland&#8221;-Cache (GC1B0X2)) erreicht. Der &#8221; R\u00e4tselbug&#8221; &#8211; meiner. Au\u00dferdem &hellip; <a href=\"https:\/\/www.puls200.de\/?page_id=457\">Continue reading <span class=\"meta-nav\">&rarr;<\/span><\/a><\/p>\n","protected":false},"author":1,"featured_media":0,"parent":849,"menu_order":1,"comment_status":"open","ping_status":"open","template":"","meta":{"ngg_post_thumbnail":0},"_links":{"self":[{"href":"https:\/\/www.puls200.de\/index.php?rest_route=\/wp\/v2\/pages\/457"}],"collection":[{"href":"https:\/\/www.puls200.de\/index.php?rest_route=\/wp\/v2\/pages"}],"about":[{"href":"https:\/\/www.puls200.de\/index.php?rest_route=\/wp\/v2\/types\/page"}],"author":[{"embeddable":true,"href":"https:\/\/www.puls200.de\/index.php?rest_route=\/wp\/v2\/users\/1"}],"replies":[{"embeddable":true,"href":"https:\/\/www.puls200.de\/index.php?rest_route=%2Fwp%2Fv2%2Fcomments&post=457"}],"version-history":[{"count":3,"href":"https:\/\/www.puls200.de\/index.php?rest_route=\/wp\/v2\/pages\/457\/revisions"}],"predecessor-version":[{"id":1888,"href":"https:\/\/www.puls200.de\/index.php?rest_route=\/wp\/v2\/pages\/457\/revisions\/1888"}],"up":[{"embeddable":true,"href":"https:\/\/www.puls200.de\/index.php?rest_route=\/wp\/v2\/pages\/849"}],"wp:attachment":[{"href":"https:\/\/www.puls200.de\/index.php?rest_route=%2Fwp%2Fv2%2Fmedia&parent=457"}],"curies":[{"name":"wp","href":"https:\/\/api.w.org\/{rel}","templated":true}]}}