{"id":449,"date":"2008-09-29T21:09:51","date_gmt":"2008-09-29T19:09:51","guid":{"rendered":"http:\/\/www.puls200.de\/?page_id=449"},"modified":"2017-06-27T13:59:05","modified_gmt":"2017-06-27T12:59:05","slug":"projekte","status":"publish","type":"page","link":"https:\/\/www.puls200.de\/?page_id=449","title":{"rendered":"SW Projekte"},"content":{"rendered":"<p>Eine \u00dcbersicht \u00fcber ein paar kleinere Dinge, die ich mal gemacht habe. Ich m\u00f6chte darauf hinweisen, da\u00df alle Rechte vorbehalten sind. Das hei\u00dft nat\u00fcrlich nicht, da\u00df man nichts kopieren, nachmachen oder verwenden darf. Ich h\u00e4tte nur gern, dass vorher nachgefragt wird. <\/p>\n<h1>Software<\/h1>\n<ul>\n<li>Conway's <a href=\"http:\/\/www.puls200.de\/conway\/wol.html\">Game of Life<\/a>: Eine Browserimplementierung mit JQuery und Raphael. Nur mal so zum Spa\u00df :)\n\t<\/li>\n<li><a href=\"http:\/\/www.puls200.de\/?page_id=780\">LAV<\/a>: Lokadressverwaltung f\u00fcr die Spur 1 Freunde Mannheim.<\/li>\n<li><a href=\"http:\/\/www.puls200.de\/?page_id=683\">EC Regler und EC Lokf\u00fchrer<\/a>: Fahrregler f\u00fcr die Digitalzentrale Tams Easycontrol.<\/li>\n<li><a href=\"http:\/\/www.puls200.de\/?page_id=525\">Sudoku Knacker<\/a> - C# Programm zum schnellen L\u00f6sen von Sudokus<\/li>\n<li><a href=\"http:\/\/www.puls200.de\/?page_id=157\">Sterne (WordPress Plugin)<\/a> - Simples Plugin mit dem man Bewertungssterne in den Text eines Postings setzen kann - beliebig gef\u00e4rbt. <\/li>\n<li><a href=\"http:\/\/www.puls200.de\/?page_id=296\">SRTM Viewer<\/a> Viewer f\u00fcr die Darstellung von H\u00f6henprofilen im SRTM Format.<\/li>\n<li><a href=\"http:\/\/www.puls200.de\/php\/gaptest.php\">Planetennamen - Generator<\/a><\/li>\n<li><a href=\"http:\/\/www.puls200.de\/php\/stadtnamen.html\">St\u00e4dtenamen - Generator<\/a><\/li>\n<\/ul>\n<h1>Sonstiges<\/h1>\n<ul>\n<li> <a href=\"http:\/\/www.puls200.de\/?page_id=53\">Blinken LED<\/a>. Baubericht eines Displays zum Anschlu\u00df an den Parallelport. <\/li>\n<\/ul>\n","protected":false},"excerpt":{"rendered":"<p>Eine \u00dcbersicht \u00fcber ein paar kleinere Dinge, die ich mal gemacht habe. Ich m\u00f6chte darauf hinweisen, da\u00df alle Rechte vorbehalten sind. Das hei\u00dft nat\u00fcrlich nicht, da\u00df man nichts kopieren, nachmachen oder verwenden darf. Ich h\u00e4tte nur gern, dass vorher nachgefragt &hellip; <a href=\"https:\/\/www.puls200.de\/?page_id=449\">Continue reading <span class=\"meta-nav\">&rarr;<\/span><\/a><\/p>\n","protected":false},"author":1,"featured_media":0,"parent":0,"menu_order":0,"comment_status":"open","ping_status":"open","template":"","meta":{"ngg_post_thumbnail":0},"_links":{"self":[{"href":"https:\/\/www.puls200.de\/index.php?rest_route=\/wp\/v2\/pages\/449"}],"collection":[{"href":"https:\/\/www.puls200.de\/index.php?rest_route=\/wp\/v2\/pages"}],"about":[{"href":"https:\/\/www.puls200.de\/index.php?rest_route=\/wp\/v2\/types\/page"}],"author":[{"embeddable":true,"href":"https:\/\/www.puls200.de\/index.php?rest_route=\/wp\/v2\/users\/1"}],"replies":[{"embeddable":true,"href":"https:\/\/www.puls200.de\/index.php?rest_route=%2Fwp%2Fv2%2Fcomments&post=449"}],"version-history":[{"count":5,"href":"https:\/\/www.puls200.de\/index.php?rest_route=\/wp\/v2\/pages\/449\/revisions"}],"predecessor-version":[{"id":2146,"href":"https:\/\/www.puls200.de\/index.php?rest_route=\/wp\/v2\/pages\/449\/revisions\/2146"}],"wp:attachment":[{"href":"https:\/\/www.puls200.de\/index.php?rest_route=%2Fwp%2Fv2%2Fmedia&parent=449"}],"curies":[{"name":"wp","href":"https:\/\/api.w.org\/{rel}","templated":true}]}}