{"id":390,"date":"2008-01-07T21:45:18","date_gmt":"2008-01-07T19:45:18","guid":{"rendered":"http:\/\/www.puls200.de\/?page_id=390"},"modified":"2008-01-07T21:45:18","modified_gmt":"2008-01-07T19:45:18","slug":"teil-3","status":"publish","type":"page","link":"https:\/\/www.puls200.de\/?page_id=390","title":{"rendered":"Teil 3"},"content":{"rendered":"<p>Nach dem ersten Mal fahren sind verschiedene Sachen klar:<br \/>\n- die Elektrik vom Bahnhofsmodul ist Schrott<br \/>\n- Das Fahrverhalten der Loks ist unter aller Sau, sie schalten schlecht, machen viel Krach und ruckeln<br \/>\n- das Ganze macht eine Heidenspa\u00df ;-)<\/p>\n<p>Als erstes debugge ich die Bahnhofselektrik. Ich wundere mich, da\u00df da \u00fcberhaupt ein Zug gefahren ist. Nunja, der M\u00e4rklin Krempel ist eben sehr robust. Leider mu\u00df ich ein paar Gleise herausrei\u00dfen um zwei \"tote\" Weichen zu reparieren. Aber Umschalten ist wichtiger als die Grasnarbe. Die Steckverbinder ersetzte ich durch SUB-D Buchsen mit L\u00f6tfahnen. \u00dcberall geht das Licht an. Wie erfreulich.<\/p>\n<p>Weniger erfreulich l\u00e4uft die Renovierung der V200 von Ebay: Nachdem ich den Motorschild abgebaut habe, bietet sich meinen Augen der Anblick eines schwarzen Glibsches: Pfui! Ich reinige alles mit Waschbenzin und baue sie treusorgend wieder zusammen: Sie l\u00e4uft nur noch in eine Richtung! Alle Kontakte \u00fcberpr\u00fcft, pa\u00dft, liegt wohl am Getriebe. Gut, die Dame wird n\u00e4chstes Jahr 50 aber schade ist es trotzdem.<br \/>\n<img decoding=\"async\" src=\"http:\/\/www.puls200.de\/data\/post\/Nov07\/sauerei.jpg\" \/><br \/>\n<span style=\"font-size: smaller;\">Hier hat mir der Vorbesitzer eine Probe seines Teppichs und mehrerer Mahlzeiten hinterlassen<\/span><br \/>\nNachdem ich den Motorschild mit kleinen Unterlegscheiben angeschraubt habe f\u00e4hrt sie zwar wieder (halbwegs) in beide Richtungen, aber ganz wohl ist mir auch nicht dabei. Ich setze das Problem auf die \"Todo\" Liste (Item 2351) und mache erst mal wieder was anderes.<\/p>\n<p>Was k\u00f6nnte das sein? Mal was ganz anderes. Am besten ohne gr\u00f6\u00dfere Ausgaben. Ich sto\u00dfe im Web <a href=\"http:\/\/www.wymann.info\/ShuntingPuzzles\/\">auf die Seite<\/a> mit den <em>Shunting Puzzles<\/em>. Worum geht es da? Auf einem gegebenen Gleisplan sollen Wagen mit m\u00f6glichst wenig Z\u00fcgen umrangiert werden. H\u00f6rt sich simpel an, ist in der Praxis aber eine knifflige Sache: Immer ist irgendwas auf der falschen Seite. Ich ahne ein NP-vollst\u00e4ndiges Problem, mal sehen ob das stimmt. Aber daf\u00fcr mu\u00df erst was konstruiert werden. Ich m\u00f6chte mich an den klassischen Tymesaver halten. Der erh\u00e4lt bei mir noch eine Zufahrt bzw. Durchfahrt, damit man das ganze Teil sp\u00e4ter mal als Modul weiterverwerten kann. Und so k\u00f6nnte es aussehen:<br \/>\n<img decoding=\"async\" src=\"http:\/\/www.puls200.de\/data\/post\/Nov07\/M_Tymesaver_reverse.jpg\" \/><br \/>\nIm Testaufbau sieht es ungef\u00e4hr so aus:<br \/>\n<img decoding=\"async\" src=\"http:\/\/www.puls200.de\/data\/post\/Nov07\/timesaver.jpg\" \/><br \/>\nSo ganz bin ich nicht \u00fcberzeugt, aber das liegt zu 99% am Gleismaterial. Blechkrempel. Aber budget-schonend. OK, ich glaube das bleibt erstmal so.<\/p>\n<p>Ich habe schon vieles \u00fcber D\u00e4mmplatten aus dem Baumarkt geh\u00f6rt, aber bei uns gibt es sie nur in einer St\u00e4rke (von etwa 50mm) so da\u00df sie als Unterlage nicht in Frage kommen. Ich hab stattdessen einfach Styroporplatten (10mm) mitgenommen, auf die ich die Gleise direkt verlegen (und \"versenken\") will. Das ist auch deutlich preiswerter. Festschrauben ist dann nicht, klar. Kleben schon :)<br \/>\n<em>26.11.07<\/em><br \/>\nInzwischen ist eine Konstruktion herausgekommen, die mir fast zu leicht erscheint: auf 180x50 eine 6mm Sperrholzplatte als Grundlage, darunter ein einfacher Rahmen aus 15x35mm Leisten und dar\u00fcber eine 10 cm Styroporlage:<\/p>\n<p>Das Ding kann man noch mit einem Finger heben (solange noch nichts drauf ist). Hier im fortgeschrittenen Stadium:<br \/>\n<img decoding=\"async\" src=\"http:\/\/www.puls200.de\/data\/post\/Jan08\/img_003.jpg\" \/><\/p>\n<p>Die Metallgleise wurden in Styropor \"versenkt\". Ich habe die Fugen mit Silikon verschlossen. Dadurch sollte auch etwas mehr Ger\u00e4uschd\u00e4mmung m\u00f6glich sein. Leider hat es nicht so geklappt, wie ich es mir vorgestellt hatte: Zum einen haben die Styroporplatten grade mal \u00fcberhaupt keine d\u00e4mmenden Eigenschaften, zum anderen ist die ganze Konstruktion eigentlich zu wacklig. Im Prinzip nicht so wichtig, da es nur ein Test werden soll aber trotzdem bitter nach der Arbeit. Das andere Problem besteht darin, da\u00df die Fugen teilweise wieder Risse gebildet haben, so da\u00df noch ein zus\u00e4tzlicher Gang mit etwas Gips notwendig wurde.<\/p>\n<p>Erste Einschotterungsversuche:<br \/>\n<img decoding=\"async\" src=\"http:\/\/www.puls200.de\/data\/post\/Jan08\/img_074.jpg\" \/><br \/>\nIch mu\u00df gestehen, da\u00df das Schottern der M-Gleise, wenn man es denn so nennen kann eine zeitraubende und fricklig-fummlige Angelegenheit ist. Folgendes habe ich dabei gelernt:<\/p>\n<ol>\n<li>Die Pukos so hoch wie m\u00f6glich biegen (unter dem Gleis dr\u00fccken), man braucht jeden Millimeter.<\/li>\n<li>Schotter f\u00fcr N ist fast zu grob, ideal scheint feiner Sand zu sein.<\/li>\n<li>Da das Zeug mehr angeklebt als gestreut wird sollte der Leim nicht zu fl\u00fcssig sein, damit nichts auf die Schwellen kommt.<\/li>\n<li>Wenn man ganz viel Zeit hat sollte man unbedingt die Gleise vorher lackieren und zwar wo der Schotter zu liegen kommt. Dann ist es nicht mehr so entscheidend, da\u00df wirklich jede winzige L\u00fccke geschlossen wird.<\/li>\n<li>Man kann es kaum glauben, aber auf dem Foto sieht es eigentlich besser aus als in Natura.<\/li>\n<li>Wer sich's leisten kann, sollte auf den Quatsch verzichten. Ich habe es nur der Weichen wegen getan. Ein wildes Konvolut aus alten Tagen, von mir renoviert.<\/li>\n<\/ol>\n<p>Weiter geht es bald mit dem <strong>4. Teil<\/strong>.<\/p>\n","protected":false},"excerpt":{"rendered":"<p>Nach dem ersten Mal fahren sind verschiedene Sachen klar: &#8211; die Elektrik vom Bahnhofsmodul ist Schrott &#8211; Das Fahrverhalten der Loks ist unter aller Sau, sie schalten schlecht, machen viel Krach und ruckeln &#8211; das Ganze macht eine Heidenspa\u00df ;-) &hellip; <a href=\"https:\/\/www.puls200.de\/?page_id=390\">Continue reading <span class=\"meta-nav\">&rarr;<\/span><\/a><\/p>\n","protected":false},"author":1,"featured_media":0,"parent":386,"menu_order":0,"comment_status":"open","ping_status":"open","template":"","meta":{"ngg_post_thumbnail":0},"_links":{"self":[{"href":"https:\/\/www.puls200.de\/index.php?rest_route=\/wp\/v2\/pages\/390"}],"collection":[{"href":"https:\/\/www.puls200.de\/index.php?rest_route=\/wp\/v2\/pages"}],"about":[{"href":"https:\/\/www.puls200.de\/index.php?rest_route=\/wp\/v2\/types\/page"}],"author":[{"embeddable":true,"href":"https:\/\/www.puls200.de\/index.php?rest_route=\/wp\/v2\/users\/1"}],"replies":[{"embeddable":true,"href":"https:\/\/www.puls200.de\/index.php?rest_route=%2Fwp%2Fv2%2Fcomments&post=390"}],"version-history":[{"count":0,"href":"https:\/\/www.puls200.de\/index.php?rest_route=\/wp\/v2\/pages\/390\/revisions"}],"up":[{"embeddable":true,"href":"https:\/\/www.puls200.de\/index.php?rest_route=\/wp\/v2\/pages\/386"}],"wp:attachment":[{"href":"https:\/\/www.puls200.de\/index.php?rest_route=%2Fwp%2Fv2%2Fmedia&parent=390"}],"curies":[{"name":"wp","href":"https:\/\/api.w.org\/{rel}","templated":true}]}}