{"id":366,"date":"2007-08-12T10:09:13","date_gmt":"2007-08-12T08:09:13","guid":{"rendered":"http:\/\/www.puls200.de\/?page_id=366"},"modified":"2017-06-27T13:56:53","modified_gmt":"2017-06-27T12:56:53","slug":"chilis","status":"publish","type":"page","link":"https:\/\/www.puls200.de\/?page_id=366","title":{"rendered":"Chilis"},"content":{"rendered":"<h2>Anbau 2008<\/h2>\n<p>In diesem Jahr habe ich nur Samen der Criolla Sella ausges\u00e4t, die im letzten Jahr den besten Wuchs hatten. Diesmal erreichten die Pflanzen wieder schnell ihre beachtliche Gr\u00f6\u00dfe. Die Fr\u00fcchte entsprachen diesmal auch vollkommen den Erwartungen, kleinfinger-dicke, tief orangene Schoten, die nicht zu stark sind. Man kann z.B. ca. drei davon problemlos in eine Bolognese versenken und auch Menschen ohne besonderen Faible f\u00fcr Scharfes m\u00f6gen es noch. F\u00fcr Kinder allerdings v\u00f6llig ungeeignet.<\/p>\n<p>Die Ernte war nicht so reichlich wie im letzten Jahr, aber ich hatte auch nur drei kleinere Pflanzen, der Rest war verschenkt worden:<br \/>\n<img decoding=\"async\" src=\"http:\/\/www.puls200.de\/data\/post\/Sep08\/criolla1.jpg\" \/><br \/>\nNach dem Putzen werden die Schoten zum Trocknen aufgezogen. Wir h\u00e4ngen sie dann in die K\u00fcche, sind recht dekorativ.<br \/>\n<img decoding=\"async\" src=\"http:\/\/www.puls200.de\/data\/post\/Sep08\/criolla2.jpg\" \/><\/p>\n<h2>Anbau 2007<\/h2>\n<p>Ohne Garten ist das Heranz\u00fcchten von Cocktail-Tomaten Bl\u00f6dsinn. In der letzten Wohnung gab es nicht ausreichend Fensterfl\u00e4che, das hat sich inzwischen aber gr\u00fcndlich ge\u00e4ndert. Chilis soll man angeblich leicht selbst z\u00fcchten k\u00f6nnen, daher der Entschlu\u00df, das jetzt selbst mal zu versuchen. Bei <a href=\"http:\/\/www.ruehlemanns.de\/\">R\u00fchlemann's<\/a> habe ich Samen bestellt. Nach der ungew\u00f6hnlichen langen Keimdauer (4 Wochen aufw\u00e4rts) hatte ich eine enorme Menge an Setzlingen, die Samen taugen offensichtlich was. <\/p>\n<p><img decoding=\"async\" src=\"http:\/\/www.puls200.de\/data\/post\/Aug07\/torftoepfe.jpg\" alt=\"Keimlinge\" \/><\/p>\n<p>Ich habe die kleinen Torft\u00f6pfe aus dem Baumarkt verwendet, die ein Umpflanzen erleichtern. Leider habe ich die Anordnung mehrfach durcheinandergebracht, so da\u00df ich bis zum Erscheinen der Fr\u00fcchte nicht sagen konnte, welche Sorte die betreffende Pflanze nun war.<\/p>\n<p><img decoding=\"async\" src=\"http:\/\/www.puls200.de\/data\/post\/Aug07\/img_049.jpg\" alt=\"Habanero\"\/><\/p>\n<p><span style=\"font-size:smaller;\">Von dieser Art (<a href=\"http:\/\/www.chili-farm.de\/chili-sorten\/gelbe-habanero.html\">Habenero<\/a>) habe ich nur eine Pflanze aufziehen k\u00f6nnen. Sie braucht sehr lange, um Bl\u00fcten und Fr\u00fcchte auszubilden, hat aber einen sch\u00f6nen Wuchs, ganz dunkelgr\u00fcne Bl\u00e4tter und wird auch nicht so gro\u00df.<\/span><\/p>\n<p><img decoding=\"async\" src=\"http:\/\/www.puls200.de\/data\/post\/Aug07\/img_043.jpg\" alt=\"gelbe Chili\" \/><\/p>\n<p><span style=\"font-size:smaller;\">Das sind Chili <em><a href=\"http:\/\/www.chili-farm.de\/chili-sorten\/criolla-sella.html\">Criolla Sella<\/a><\/em>. Sie wachsen am schnellsten und bilden bereits im Mai Bl\u00fcten aus. Je nach Licht wird daraus eine hohe oder eher buschartige Pflanze. Nach dem Umtopfen brauchten sie keine 4 Wochen, um dieses Wohnzimmerfenster komplett zuzuwuchern. Sie bilden auch st\u00e4ndig neue Bl\u00fcten aus und tragen, was das Zeug h\u00e4lt. Inzwischen hab ich sicher 200 Fr\u00fcchte abgeerntet. Sie werden allerdings nicht rot, sondern verbleiben in einem dunklen Gelb \/ Orange. Diese sind mit Sicherheit die ertragsreichsten\/unkompliziertesten.<\/span><\/p>\n<p><img decoding=\"async\" src=\"http:\/\/www.puls200.de\/data\/post\/Aug07\/img_055.jpg\" alt=\"erste Ernte\" \/><\/p>\n<p><span style=\"font-size:smaller;\">Die Fr\u00fcchte der Pflanzen, die ich zuerst auf die Dachterrasse gestellt habe wurden als erste reif. Ich habe eine Pflanze halb angeerntet, damit sie eventuell nochmal Bl\u00fcten treibt. Ich werde auch versuchen, ein paar Samen f\u00fcr das n\u00e4chste Jahr zu extrahieren.<\/span><\/p>\n<p>Ein paar kurze Hinweise f\u00fcr jemand der es selbst mal probieren will bzw. als eigene Ged\u00e4chtnisst\u00fctze:<\/p>\n<ul>\n<li>Die Keimdauer ist <em>lang<\/em>. Sehr lang. Vor allem, wenn die Temperatur nicht zu hoch ist. Bei manchen Sorten dauert es gut und gern 4 Wochen!<\/li>\n<li>In der Wohnung wachsen sie viel schneller. Vermutlich h\u00e4ngt es mit den Temperaturen zu tun, Licht scheint nur einen geringeren Einflu\u00df zu haben. Licht beschleunigt allerdings entscheidend die Reifung bzw. Verf\u00e4rbung der Fr\u00fcchte. Vor allem direkte Sonneneinstrahlung. Die Pflanzen sind au\u00dferdem relativ zerbrechlich, d.h. wenn sie an eine windige Stelle herausgestellt werden verlieren sie viele Bl\u00e4tter. Stehen sie stattdessen von vorneherein dort, bleiben sie sehr klein. Am besten sucht man sich eine windgesch\u00fctztes, sonnige Stelle. In einem Wintergarten oder Gew\u00e4chshaus geht es dann vermutlich wie Schmitts Katze :)<\/li>\n<li>Sch\u00e4dlinge: Ich hatte zeitweise ziemlich viel Probleme mit L\u00e4usen. Ist erstmal eine Pflanze, die in der Wohnung steht befallen scheint es keine Rettung mehr zu geben. Das Klima ist f\u00fcr die kleinen Mistviecher einfach zu g\u00fcnstig. Stellt man sie allerdings dann raus, verschwindet der Befall im allgemeinen relativ rasch oder reduziert sich auf ein tolerierbares Ma\u00df.<\/li>\n<li>Wenn die Pflanzen ausgekeimt sind und es ans Umtopfen geht, sollte man in jeden Topf wirklich nur eine Pflanze setzen. Sie wachsen danach wirklich sehr rasch. Eine interessante Alternative sind Balkonk\u00e4sten, darin breiten sie sich scheinbar noch schneller aus.<\/li>\n<\/ul>\n<p>Tests und Geschmacksproben folgen sp\u00e4ter. Die Nachbarskinder, die mutprobenhalber eine <em>Criolla Sella<\/em> auf der Dachterrasse probiert haben, mu\u00dften jedenfalls eine halbe Stunde leiden. <\/p>\n<p>Links:<br \/>\n<a href=\"http:\/\/www.chilipepper.de\/\">Hot Chili Peppers Homepage<\/a><br \/>\n<a href=\"http:\/\/www.pepperworld.com\/\">Pepperworld<\/a><br \/>\n<a href=\"http:\/\/www.chilifan.de\/anbau.html\">Chiliheads Home<\/a><br \/>\n<a href=\"http:\/\/www.chili-farm.de\/\">Chili-Farm<\/a><\/p>\n<p>Fazit:<br \/>\nDies war mein erster Versuch mit Chilis. Im ersten Jahr gewinnt man \u00fcblicherweise die meisten Erfahrungen, mu\u00df allerdings auch so manche R\u00fcckschl\u00e4ge hinnehmen. Das habe ich in der Vergangenheit schon mit der Aufzucht von Cherrytomaten und verschiedenen Basilikumsorten festgestellt. Bei den Chilis sieht es so aus, da\u00df die Samen fast alle aufgehen. Erstklassiges Saatgut, also. Allerdings sollte man sich danach von \u00fcbersch\u00fcssigen Keimlingen trennen, wenn man nicht entweder viele Freunde hat oder sich das ganze Wohnzimmer mit T\u00f6pfen zupflastern will. Ich habe den Fehler gemacht, oft mehrere Keimlinge zusammen umzutopfen, weil ich die Wachstumsgeschwindigkeit v\u00f6llig untersch\u00e4tzt hatte. Au\u00dferdem habe ich die Pflanzen danach viel zu sp\u00e4t in n\u00e4chst-gr\u00f6\u00dfere T\u00f6pfe umgesetzt. Das, zusammen mit den beengten Platzverh\u00e4ltnissen hier in der Wohnung und im Treppenhaus hat sicherlich auch zur L\u00e4useplage beigetragen. Kalte N\u00e4chte und Wind verlangsamen das Wachstum sehr stark. Die Pfl\u00e4nzchen, die seit Ende des Frosts drau\u00dfen gestanden sind, sind sehr klein geblieben. Sehr vorteilhaft hingegen unsere 3 S\u00fcdfenster in der Wohnung, hinter deren Scheiben die Pflanzen enorm schnell gewachsen sind. Vermutlich ist f\u00fcr den Anbau ein gut bel\u00fcfteter Wintergarten ideal. Reichlich Licht und Sonne, nicht zu kalt nachts und mit wenig Wind.<br \/>\nBei den Sorten ist <em>Criolla Sella<\/em> dominant, sie w\u00e4chst am schnellsten und bildet eine gro\u00dfe Menge an Fr\u00fcchten aus. Ich versuche es n\u00e4chstes Jahr sicherlich nochmal, vielleicht auch mit anderen Sorten. Das Nette an den Chilis ist schlie\u00dflich auch die Optik (Beispiel <em>Peruvian Purple<\/em>), hier tut sich einfach immer was und selbst die Kinder fanden es ganz unterhaltsam.<\/p>\n<p><img decoding=\"async\" src=\"http:\/\/www.puls200.de\/data\/post\/Aug07\/purple.jpg\" alt=\"Peruvian Purple\" \/><br \/>\n<span style=\"font-size:smaller;\">Peruvian Purple auf der Dachterrasse<\/span><\/p>\n<p><strong>Nachtrag:<\/strong><br \/>\nWeiterverarbeitung und Lagerung:<br \/>\nDas Einlegen frischer Pepperoni in \u00d6l klappte bei mir nicht. Das Zeug wurde schnell schlecht. Man soll es anscheinend mit ged\u00f6rrten machen, ich habe es aber bisher noch nicht probiert. Wesentlich vielversprechender ist bei uns das Einfrieren: In einer herk\u00f6mmlichen Gefrierbox aus Plastik werden sie zu harten kleinen Pellets, die aber praktischerweise nicht aneinander kleben, so da\u00df man f\u00fcr ein Essen einfach eine rausholt ohne alles aufzutauen. Verschiedene Male haben wir das inzwischen gemacht und Essen in Feuer verwandelt. Besonders die \"Sp\u00e4tlese\" macht richtig Dampf.<\/p>\n","protected":false},"excerpt":{"rendered":"<p>Anbau 2008 In diesem Jahr habe ich nur Samen der Criolla Sella ausges\u00e4t, die im letzten Jahr den besten Wuchs hatten. Diesmal erreichten die Pflanzen wieder schnell ihre beachtliche Gr\u00f6\u00dfe. Die Fr\u00fcchte entsprachen diesmal auch vollkommen den Erwartungen, kleinfinger-dicke, tief &hellip; <a href=\"https:\/\/www.puls200.de\/?page_id=366\">Continue reading <span class=\"meta-nav\">&rarr;<\/span><\/a><\/p>\n","protected":false},"author":1,"featured_media":0,"parent":849,"menu_order":0,"comment_status":"open","ping_status":"open","template":"","meta":{"ngg_post_thumbnail":0},"_links":{"self":[{"href":"https:\/\/www.puls200.de\/index.php?rest_route=\/wp\/v2\/pages\/366"}],"collection":[{"href":"https:\/\/www.puls200.de\/index.php?rest_route=\/wp\/v2\/pages"}],"about":[{"href":"https:\/\/www.puls200.de\/index.php?rest_route=\/wp\/v2\/types\/page"}],"author":[{"embeddable":true,"href":"https:\/\/www.puls200.de\/index.php?rest_route=\/wp\/v2\/users\/1"}],"replies":[{"embeddable":true,"href":"https:\/\/www.puls200.de\/index.php?rest_route=%2Fwp%2Fv2%2Fcomments&post=366"}],"version-history":[{"count":1,"href":"https:\/\/www.puls200.de\/index.php?rest_route=\/wp\/v2\/pages\/366\/revisions"}],"predecessor-version":[{"id":843,"href":"https:\/\/www.puls200.de\/index.php?rest_route=\/wp\/v2\/pages\/366\/revisions\/843"}],"up":[{"embeddable":true,"href":"https:\/\/www.puls200.de\/index.php?rest_route=\/wp\/v2\/pages\/849"}],"wp:attachment":[{"href":"https:\/\/www.puls200.de\/index.php?rest_route=%2Fwp%2Fv2%2Fmedia&parent=366"}],"curies":[{"name":"wp","href":"https:\/\/api.w.org\/{rel}","templated":true}]}}