{"id":296,"date":"2006-11-19T21:01:12","date_gmt":"2006-11-19T19:01:12","guid":{"rendered":"http:\/\/www.puls200.de\/?page_id=296"},"modified":"2010-07-13T19:04:38","modified_gmt":"2010-07-13T18:04:38","slug":"srtm-viewer","status":"publish","type":"page","link":"https:\/\/www.puls200.de\/?page_id=296","title":{"rendered":"SRTM Viewer"},"content":{"rendered":"<p><a href=\"http:\/\/de.wikipedia.org\/wiki\/SRTM\">SRTM Daten<\/a> sind H\u00f6heninformationen der Erde, die bei einer <a href=\"http:\/\/lexikon.astronomie.info\/satelliten\/srtm\/index.html\">Space Shuttle Mission<\/a> im Jahre 2000 von der Erde aufgezeichnet wurden. Diese sind teilweise frei verf\u00fcgbar, was sie eine interessante Datenquelle f\u00fcr Bilder und 3D Terrainmodelle macht. Das Deutsche Zentrum f\u00fcr Luft und Raumfahrt DLR verf\u00fcgt auch \u00fcber die Daten, verh\u00f6kert sie allerdings. Genau wie z.B. auch bei Seekarten vom BSH kann sich der B\u00fcrger dann wieder die Daten zur\u00fcckkaufen, f\u00fcr die er schon durch seine Steuergelder geblecht hat. Ah, ich schweife ab. Ich bin dann lieber bei den Public Domain Daten der Amerikaner geblieben. Daf\u00fcr habe ich einen kleinen Viewer geschrieben, der die H\u00f6heninformationen als Falschfarbenbilder wiedergibt.<br \/>\nDie Daten sind relativ einfach kodiert, eine Datei entspricht immer einem Kugelausschnitt mit einem L\u00e4ngen- bzw. Breitengrad Kantenabstand. Die einzelnen H\u00f6hendaten sind einfach <em>shorts<\/em>, allerdings big endian, so da\u00df man die Bytes vor Verwendung noch tauschen mu\u00df. <\/p>\n<p>Um das Ganze zu testen, habe ich mit Hilfe von Google Earth den Bereich 1\u00b0 n\u00f6rdl. Breite, 100\u00b0 \u00f6stl. L\u00e4nge getestet, ein Bereich auf Sumatra mit einem markanten Flu\u00dflauf. <a href=\"http:\/\/www.puls200.de\/data\/srtm\/GoogleEarth_Placemark.kmz\">Hier ein Placemark<\/a> zum Nachvollziehen (\u00d6ffnen mit Google Earth).<\/p>\n<p>Wenn man das Programm startet, kommen dann solche Bilder heraus (die Farbrampen kann man einstellen):<\/p>\n<p><a href=\"http:\/\/www.puls200.de\/data\/srtm\/p1.jpg\" rel=\"lightbox\" title=\"SRTM 1\" ><img decoding=\"async\" src=\"http:\/\/www.puls200.de\/data\/srtm\/p1_sm.jpg\" style=\"padding:3px;margin:3px; border: 1px solid black;\"\/><\/a><a href=\"http:\/\/www.puls200.de\/data\/srtm\/p2.jpg\" rel=\"lightbox\" title=\"SRTM 2\" ><img decoding=\"async\" src=\"http:\/\/www.puls200.de\/data\/srtm\/p2_sm.jpg\" style=\"padding:3px;margin:3px; border: 1px solid black; \"\/><\/a><a href=\"http:\/\/www.puls200.de\/data\/srtm\/p3.jpg\" rel=\"lightbox\" title=\"SRTM 3\" ><img decoding=\"async\" src=\"http:\/\/www.puls200.de\/data\/srtm\/p3_sm.jpg\" style=\"padding:3px;margin:3px; border: 1px solid black;\"\/><\/a><a href=\"http:\/\/www.puls200.de\/data\/srtm\/p5.jpg\" rel=\"lightbox\" title=\"SRTM 5\" ><img decoding=\"async\" src=\"http:\/\/www.puls200.de\/data\/srtm\/p5_sm.jpg\" style=\"padding:3px;margin:3px; border: 1px solid black; \"\/><\/a><a href=\"http:\/\/www.puls200.de\/data\/srtm\/p6.jpg\" rel=\"lightbox\" title=\"SRTM 6\" ><img decoding=\"async\" src=\"http:\/\/www.puls200.de\/data\/srtm\/p6_sm.jpg\" style=\"padding:3px;margin:3px; border: 1px solid black;\"\/><\/a><a href=\"http:\/\/www.puls200.de\/data\/srtm\/p7.jpg\" rel=\"lightbox\" title=\"SRTM 7\" ><img decoding=\"async\" src=\"http:\/\/www.puls200.de\/data\/srtm\/p7_sm.jpg\" style=\"padding:3px;margin:3px; border: 1px solid black; \"\/><\/a><a href=\"http:\/\/www.puls200.de\/data\/srtm\/p8.jpg\" rel=\"lightbox\" title=\"SRTM 8\" ><img decoding=\"async\" src=\"http:\/\/www.puls200.de\/data\/srtm\/p8_sm.jpg\" style=\"padding:3px;margin:3px; border: 1px solid black; \"\/><\/a><a href=\"http:\/\/www.puls200.de\/data\/srtm\/p9.jpg\" rel=\"lightbox\" title=\"SRTM 9\" ><img decoding=\"async\" src=\"http:\/\/www.puls200.de\/data\/srtm\/p9_sm.jpg\" style=\"padding:3px;margin:3px; border: 1px solid black;\"\/><\/a><a href=\"http:\/\/www.puls200.de\/data\/srtm\/p10.jpg\" rel=\"lightbox\" title=\"SRTM 10\" ><img decoding=\"async\" src=\"http:\/\/www.puls200.de\/data\/srtm\/p10_sm.jpg\" style=\"padding:3px;margin:3px; border: 1px solid black; \"\/><\/a><a href=\"http:\/\/www.puls200.de\/data\/srtm\/p11.jpg\" rel=\"lightbox\" title=\"SRTM 11\" ><img decoding=\"async\" src=\"http:\/\/www.puls200.de\/data\/srtm\/p11_sm.jpg\" style=\"padding:3px;margin:3px; border: 1px solid black; \"\/><\/a><a href=\"http:\/\/www.puls200.de\/data\/srtm\/p12.jpg\" rel=\"lightbox\" title=\"SRTM 12\" ><img decoding=\"async\" src=\"http:\/\/www.puls200.de\/data\/srtm\/p12_sm.jpg\" style=\"padding:3px;margin:3px; border: 1px solid black; \"\/><\/a><\/p>\n","protected":false},"excerpt":{"rendered":"<p>SRTM Daten sind H\u00f6heninformationen der Erde, die bei einer Space Shuttle Mission im Jahre 2000 von der Erde aufgezeichnet wurden. Diese sind teilweise frei verf\u00fcgbar, was sie eine interessante Datenquelle f\u00fcr Bilder und 3D Terrainmodelle macht. Das Deutsche Zentrum f\u00fcr &hellip; <a href=\"https:\/\/www.puls200.de\/?page_id=296\">Continue reading <span class=\"meta-nav\">&rarr;<\/span><\/a><\/p>\n","protected":false},"author":1,"featured_media":0,"parent":449,"menu_order":0,"comment_status":"open","ping_status":"open","template":"","meta":{"ngg_post_thumbnail":0},"_links":{"self":[{"href":"https:\/\/www.puls200.de\/index.php?rest_route=\/wp\/v2\/pages\/296"}],"collection":[{"href":"https:\/\/www.puls200.de\/index.php?rest_route=\/wp\/v2\/pages"}],"about":[{"href":"https:\/\/www.puls200.de\/index.php?rest_route=\/wp\/v2\/types\/page"}],"author":[{"embeddable":true,"href":"https:\/\/www.puls200.de\/index.php?rest_route=\/wp\/v2\/users\/1"}],"replies":[{"embeddable":true,"href":"https:\/\/www.puls200.de\/index.php?rest_route=%2Fwp%2Fv2%2Fcomments&post=296"}],"version-history":[{"count":1,"href":"https:\/\/www.puls200.de\/index.php?rest_route=\/wp\/v2\/pages\/296\/revisions"}],"predecessor-version":[{"id":846,"href":"https:\/\/www.puls200.de\/index.php?rest_route=\/wp\/v2\/pages\/296\/revisions\/846"}],"up":[{"embeddable":true,"href":"https:\/\/www.puls200.de\/index.php?rest_route=\/wp\/v2\/pages\/449"}],"wp:attachment":[{"href":"https:\/\/www.puls200.de\/index.php?rest_route=%2Fwp%2Fv2%2Fmedia&parent=296"}],"curies":[{"name":"wp","href":"https:\/\/api.w.org\/{rel}","templated":true}]}}