{"id":269,"date":"2006-08-27T09:50:52","date_gmt":"2006-08-27T07:50:52","guid":{"rendered":"http:\/\/www.puls200.de\/?page_id=269"},"modified":"2017-06-27T13:56:27","modified_gmt":"2017-06-27T12:56:27","slug":"boppel-satt","status":"publish","type":"page","link":"https:\/\/www.puls200.de\/?page_id=269","title":{"rendered":"B\u00f6ppel satt"},"content":{"rendered":"<p><center><\/p>\n<table summary=\"ohlala\" width=\"400\" cellpadding=\"0\" cellspacing=\"0\">\n<tr>\n<td class=\"pic\">\n<b>B\u00f6ppel satt - <\/b>oder Chronologie eines wirklich heiteren Scherzes. Muahaha.<\/p>\n<\/td>\n<\/tr>\n<tr>\n<td><img decoding=\"async\" src=\"data\/4\/b1.jpg\" alt=\"B\u00f6ppel satt\"\/><\/td>\n<\/tr>\n<tr>\n<td class=pic>\nso ging das los, Kn\u00f6llchen ohne Ende. Hm, irgendwann (und vor allem irgendwie)  m\u00fcssen Sie ja aus dem Kellerfensterschacht raus.\n<\/td>\n<\/tr>\n<tr>\n<td><img decoding=\"async\" src=\"data\/4\/b2.jpg\" alt=\"\"\/><\/td>\n<\/tr>\n<tr>\n<td class=pic>\nInzwischen sieht man wieder das Tageslicht nach Abtragung von B\u00f6ppels im Wert von fast einer ganzen gr\u00fcnen Tonne..\n<\/td>\n<\/tr>\n<tr>\n<td><img decoding=\"async\" src=\"data\/4\/b3.jpg\" alt=\"\"\/><\/td>\n<\/tr>\n<tr>\n<td class=pic>\nUm uns die Arbeit nicht zu leicht zu machen, wurde von den Verursachern extra ein kleiner Saboteur angestellt.\n<\/td>\n<\/tr>\n<tr>\n<td><img decoding=\"async\" src=\"data\/4\/b4.jpg\" alt=\"\"\/><\/td>\n<\/tr>\n<tr>\n<td class=pic>\nGewu\u00dft wie. Nach einigem Rumprobieren klappte es mit dieser Anordnung eigentlich ganz gut.\n<\/td>\n<\/tr>\n<tr>\n<td><img decoding=\"async\" src=\"data\/4\/b5.jpg\" alt=\"\"\/><\/td>\n<\/tr>\n<tr>\n<td class=pic>\nMan kann den Boden immer noch nicht erkennen. Wirklich erstaunlich, wie weit es da noch nach unten geht.\n<\/td>\n<\/tr>\n<tr>\n<td><img decoding=\"async\" src=\"data\/4\/b6.jpg\" alt=\"\"\/><\/td>\n<\/tr>\n<tr>\n<td class=pic>\nEndlich geschafft. Hier fehlt \u00fcbrigens noch der Inhalt von einer gepressten gr\u00fcnen Tonne, die wir sp\u00e4ter wieder in nen (noch viel gr\u00f6\u00dferen) Sack umgef\u00fcllt haben.\n<\/td>\n<\/tr>\n<\/table>\n<p><\/center><\/p>\n","protected":false},"excerpt":{"rendered":"<p>B\u00f6ppel satt &#8211; oder Chronologie eines wirklich heiteren Scherzes. Muahaha. so ging das los, Kn\u00f6llchen ohne Ende. Hm, irgendwann (und vor allem irgendwie) m\u00fcssen Sie ja aus dem Kellerfensterschacht raus. Inzwischen sieht man wieder das Tageslicht nach Abtragung von B\u00f6ppels &hellip; <a href=\"https:\/\/www.puls200.de\/?page_id=269\">Continue reading <span class=\"meta-nav\">&rarr;<\/span><\/a><\/p>\n","protected":false},"author":1,"featured_media":0,"parent":849,"menu_order":0,"comment_status":"open","ping_status":"open","template":"","meta":{"ngg_post_thumbnail":0},"_links":{"self":[{"href":"https:\/\/www.puls200.de\/index.php?rest_route=\/wp\/v2\/pages\/269"}],"collection":[{"href":"https:\/\/www.puls200.de\/index.php?rest_route=\/wp\/v2\/pages"}],"about":[{"href":"https:\/\/www.puls200.de\/index.php?rest_route=\/wp\/v2\/types\/page"}],"author":[{"embeddable":true,"href":"https:\/\/www.puls200.de\/index.php?rest_route=\/wp\/v2\/users\/1"}],"replies":[{"embeddable":true,"href":"https:\/\/www.puls200.de\/index.php?rest_route=%2Fwp%2Fv2%2Fcomments&post=269"}],"version-history":[{"count":1,"href":"https:\/\/www.puls200.de\/index.php?rest_route=\/wp\/v2\/pages\/269\/revisions"}],"predecessor-version":[{"id":842,"href":"https:\/\/www.puls200.de\/index.php?rest_route=\/wp\/v2\/pages\/269\/revisions\/842"}],"up":[{"embeddable":true,"href":"https:\/\/www.puls200.de\/index.php?rest_route=\/wp\/v2\/pages\/849"}],"wp:attachment":[{"href":"https:\/\/www.puls200.de\/index.php?rest_route=%2Fwp%2Fv2%2Fmedia&parent=269"}],"curies":[{"name":"wp","href":"https:\/\/api.w.org\/{rel}","templated":true}]}}